{"id":1656,"date":"2022-05-18T15:38:44","date_gmt":"2022-05-18T13:38:44","guid":{"rendered":"https:\/\/arionfasoli.com\/non%20class\u00e9\/abreuvoir-automatique-arion-ii\/"},"modified":"2023-03-22T16:43:06","modified_gmt":"2023-03-22T15:43:06","slug":"abreuvoir-automatique-arion-ii","status":"publish","type":"product","link":"https:\/\/arionfasoli.com\/fr\/materiel-avicole\/abreuvoirs\/abreuvoirs-en-cloche\/abreuvoir-automatique-arion-ii\/","title":{"rendered":"Abreuvoir automatique Arion II"},"content":{"rendered":"<div class=\"wpb-content-wrapper\"><p>[vc_row bg_type=&#8221;bg_color&#8221; bg_color_value=&#8221;#f6f6f6&#8243; css=&#8221;.vc_custom_1668014558180{margin-right: 1px !important;margin-left: 1px !important;border-top-width: 1px !important;border-right-width: 1px !important;border-bottom-width: 1px !important;border-left-width: 1px !important;padding-top: 20px !important;padding-right: 30px !important;padding-bottom: 20px !important;padding-left: 30px !important;border-left-color: #f6f6f6 !important;border-left-style: solid !important;border-right-color: #f6f6f6 !important;border-right-style: solid !important;border-top-color: #f6f6f6 !important;border-top-style: solid !important;border-bottom-color: #f6f6f6 !important;border-bottom-style: solid !important;border-radius: 5px !important;}&#8221;][vc_column][vc_column_text]<\/p>\n<p>Pi\u00e8ces de rechange<\/p>\n<p>[\/vc_column_text][vc_row_inner][vc_column_inner width=&#8221;1\/3&#8243;]<div class=\"aio-icon-component    style_1\"><div id=\"Info-box-wrap-5327\" class=\"aio-icon-box left-icon\" style=\"\"  ><div class=\"aio-icon-left\"><div class=\"ult-just-icon-wrapper  \"><div class=\"align-icon\" style=\"text-align:center;\">\n<div class=\"aio-icon-img  uavc-circle \" style=\"font-size:100px;background:#ffffff;display:inline-block;\" >\n\t<img decoding=\"async\" class=\"img-icon\" alt=\"Valvola di ricambio per abbeveratoi Arion I e II\" src=\"https:\/\/arionfasoli.com\/wp-content\/uploads\/2022\/05\/Valvola-completa-abbeveratoio-Arion-I-.jpg\"\/>\n<\/div><\/div><\/div><\/div><div class=\"aio-ibd-block\"><div class=\"aio-icon-header\" ><h3 class=\"aio-icon-title ult-responsive\"  data-ultimate-target='#Info-box-wrap-5327 .aio-icon-title'  data-responsive-json-new='{\"font-size\":\"\",\"line-height\":\"\"}'  style=\"\">Vanne compl\u00e8te<\/h3><\/div> <!-- header --><\/div> <!-- aio-ibd-block --><\/div> <!-- aio-icon-box --><\/div> <!-- aio-icon-component -->[\/vc_column_inner][vc_column_inner width=&#8221;1\/3&#8243;]<div class=\"aio-icon-component    style_1\"><div id=\"Info-box-wrap-9689\" class=\"aio-icon-box left-icon\" style=\"\"  ><div class=\"aio-icon-left\"><div class=\"ult-just-icon-wrapper  \"><div class=\"align-icon\" style=\"text-align:center;\">\n<div class=\"aio-icon-img  uavc-circle \" style=\"font-size:100px;background:#ffffff;display:inline-block;\" >\n\t<img decoding=\"async\" class=\"img-icon\" alt=\"Connettore a sella per abbeveratoi Arion I e II\" src=\"https:\/\/arionfasoli.com\/wp-content\/uploads\/2022\/05\/Connettore-a-sella-abbeveratoio-Arion-I-.jpg\"\/>\n<\/div><\/div><\/div><\/div><div class=\"aio-ibd-block\"><div class=\"aio-icon-header\" ><h3 class=\"aio-icon-title ult-responsive\"  data-ultimate-target='#Info-box-wrap-9689 .aio-icon-title'  data-responsive-json-new='{\"font-size\":\"\",\"line-height\":\"\"}'  style=\"\">Connecteur \u00e0 selle<\/h3><\/div> <!-- header --><\/div> <!-- aio-ibd-block --><\/div> <!-- aio-icon-box --><\/div> <!-- aio-icon-component -->[\/vc_column_inner][vc_column_inner width=&#8221;1\/3&#8243;]<div class=\"aio-icon-component    style_1\"><div id=\"Info-box-wrap-9450\" class=\"aio-icon-box left-icon\" style=\"\"  ><div class=\"aio-icon-left\"><div class=\"ult-just-icon-wrapper  \"><div class=\"align-icon\" style=\"text-align:center;\">\n<div class=\"aio-icon-img  uavc-circle \" style=\"font-size:100px;background:#ffffff;display:inline-block;\" >\n\t<img decoding=\"async\" class=\"img-icon\" alt=\"Connettore con rubinetto on\/off per abbeveratoi Arion I e II\" src=\"https:\/\/arionfasoli.com\/wp-content\/uploads\/2022\/05\/Connettore-on-off-abbeveratoio-Arion-I-.jpg\"\/>\n<\/div><\/div><\/div><\/div><div class=\"aio-ibd-block\"><div class=\"aio-icon-header\" ><h3 class=\"aio-icon-title ult-responsive\"  data-ultimate-target='#Info-box-wrap-9450 .aio-icon-title'  data-responsive-json-new='{\"font-size\":\"\",\"line-height\":\"\"}'  style=\"\">Connecteur avec robinet on\/off<\/h3><\/div> <!-- header --><\/div> <!-- aio-ibd-block --><\/div> <!-- aio-icon-box --><\/div> <!-- aio-icon-component -->[\/vc_column_inner][\/vc_row_inner][\/vc_column][\/vc_row]<\/p>\n<\/div>","protected":false},"excerpt":{"rendered":"<p class=\"p1\"><strong>Abreuvoir automatique \u00e0 cloche<\/strong> pour dindes (jusqu&#8217;\u00e0 50 t\u00eates) et dindonneaux (jusqu&#8217;\u00e0 80 t\u00eates). L&#8217;abreuvoir fonctionne \u00e0 la fois au sol et suspendu et est \u00e9quip\u00e9 d&#8217;une vanne automatique sans filtre qui r\u00e9gule le niveau d&#8217;eau. Fourni complet avec cordon de suspension, oeillets de r\u00e9glage et guide de tuyau.<\/p>\n<p>Fabriqu\u00e9 en plastique de haute qualit\u00e9;<br \/>\n<strong>Facile \u00e0 nettoyer;<\/strong><br \/>\nLa vanne a une garantie de 5 ans;<br \/>\nL&#8217;abreuvoir n\u00e9cessite une pression d&#8217;eau entre 0,2 et 0,5 bar.<\/p>\n<p class=\"p1\">Gr\u00e2ce \u00e0 l&#8217;abreuvoir automatique <strong>Arion II<\/strong>, vous aurez de l&#8217;<strong>eau fra\u00eeche et propre<\/strong> pour votre \u00e9levage avicole.<\/p>\n","protected":false},"featured_media":834,"template":"","meta":[],"product_brand":[],"product_cat":[428],"product_tag":[],"class_list":{"0":"post-1656","1":"product","2":"type-product","3":"status-publish","4":"has-post-thumbnail","6":"product_cat-abreuvoirs-en-cloche","7":"description-off","9":"first","10":"instock","11":"shipping-taxable","12":"product-type-simple"},"yoast_head":"<!-- This site is optimized with the Yoast SEO plugin v27.6 - https:\/\/yoast.com\/product\/yoast-seo-wordpress\/ -->\n<title>Abreuvoir automatique Arion II - Arion Fasoli<\/title>\n<meta name=\"robots\" content=\"index, follow, max-snippet:-1, max-image-preview:large, max-video-preview:-1\" \/>\n<link rel=\"canonical\" href=\"https:\/\/arionfasoli.com\/fr\/materiel-avicole\/abreuvoirs\/abreuvoirs-en-cloche\/abreuvoir-automatique-arion-ii\/\" \/>\n<meta property=\"og:locale\" content=\"fr_FR\" \/>\n<meta property=\"og:type\" content=\"article\" \/>\n<meta property=\"og:title\" content=\"Abreuvoir automatique Arion II - Arion Fasoli\" \/>\n<meta property=\"og:description\" content=\"Abreuvoir automatique \u00e0 cloche pour dindes (jusqu&#039;\u00e0 50 t\u00eates) et dindonneaux (jusqu&#039;\u00e0 80 t\u00eates). L&#039;abreuvoir fonctionne \u00e0 la fois au sol et suspendu et est \u00e9quip\u00e9 d&#039;une vanne automatique sans filtre qui r\u00e9gule le niveau d&#039;eau. Fourni complet avec cordon de suspension, oeillets de r\u00e9glage et guide de tuyau. Fabriqu\u00e9 en plastique de haute qualit\u00e9; Facile \u00e0 nettoyer; La vanne a une garantie de 5 ans; L&#039;abreuvoir n\u00e9cessite une pression d&#039;eau entre 0,2 et 0,5 bar. Gr\u00e2ce \u00e0 l&#039;abreuvoir automatique Arion II, vous aurez de l&#039;eau fra\u00eeche et propre pour votre \u00e9levage avicole.\" \/>\n<meta property=\"og:url\" content=\"https:\/\/arionfasoli.com\/fr\/materiel-avicole\/abreuvoirs\/abreuvoirs-en-cloche\/abreuvoir-automatique-arion-ii\/\" \/>\n<meta property=\"og:site_name\" content=\"Arion Fasoli\" \/>\n<meta property=\"article:publisher\" content=\"https:\/\/www.facebook.com\/arionfasolisrl\/\" \/>\n<meta property=\"article:modified_time\" content=\"2023-03-22T15:43:06+00:00\" \/>\n<meta property=\"og:image\" content=\"https:\/\/arionfasoli.com\/wp-content\/uploads\/2022\/05\/Abbeveratoio-automatico-arion-2.jpg\" \/>\n\t<meta property=\"og:image:width\" content=\"700\" \/>\n\t<meta property=\"og:image:height\" content=\"700\" \/>\n\t<meta property=\"og:image:type\" content=\"image\/jpeg\" \/>\n<meta name=\"twitter:card\" content=\"summary_large_image\" \/>\n<meta name=\"twitter:label1\" content=\"Dur\u00e9e de lecture estim\u00e9e\" \/>\n\t<meta name=\"twitter:data1\" content=\"1 minute\" \/>\n<script type=\"application\/ld+json\" class=\"yoast-schema-graph\">{\"@context\":\"https:\\\/\\\/schema.org\",\"@graph\":[{\"@type\":\"WebPage\",\"@id\":\"https:\\\/\\\/arionfasoli.com\\\/fr\\\/materiel-avicole\\\/abreuvoirs\\\/abreuvoirs-en-cloche\\\/abreuvoir-automatique-arion-ii\\\/\",\"url\":\"https:\\\/\\\/arionfasoli.com\\\/fr\\\/materiel-avicole\\\/abreuvoirs\\\/abreuvoirs-en-cloche\\\/abreuvoir-automatique-arion-ii\\\/\",\"name\":\"Abreuvoir automatique Arion II - Arion Fasoli\",\"isPartOf\":{\"@id\":\"https:\\\/\\\/arionfasoli.com\\\/fr\\\/#website\"},\"primaryImageOfPage\":{\"@id\":\"https:\\\/\\\/arionfasoli.com\\\/fr\\\/materiel-avicole\\\/abreuvoirs\\\/abreuvoirs-en-cloche\\\/abreuvoir-automatique-arion-ii\\\/#primaryimage\"},\"image\":{\"@id\":\"https:\\\/\\\/arionfasoli.com\\\/fr\\\/materiel-avicole\\\/abreuvoirs\\\/abreuvoirs-en-cloche\\\/abreuvoir-automatique-arion-ii\\\/#primaryimage\"},\"thumbnailUrl\":\"https:\\\/\\\/arionfasoli.com\\\/wp-content\\\/uploads\\\/2022\\\/05\\\/Abbeveratoio-automatico-arion-2.jpg\",\"datePublished\":\"2022-05-18T13:38:44+00:00\",\"dateModified\":\"2023-03-22T15:43:06+00:00\",\"breadcrumb\":{\"@id\":\"https:\\\/\\\/arionfasoli.com\\\/fr\\\/materiel-avicole\\\/abreuvoirs\\\/abreuvoirs-en-cloche\\\/abreuvoir-automatique-arion-ii\\\/#breadcrumb\"},\"inLanguage\":\"fr-FR\",\"potentialAction\":[{\"@type\":\"ReadAction\",\"target\":[\"https:\\\/\\\/arionfasoli.com\\\/fr\\\/materiel-avicole\\\/abreuvoirs\\\/abreuvoirs-en-cloche\\\/abreuvoir-automatique-arion-ii\\\/\"]}]},{\"@type\":\"ImageObject\",\"inLanguage\":\"fr-FR\",\"@id\":\"https:\\\/\\\/arionfasoli.com\\\/fr\\\/materiel-avicole\\\/abreuvoirs\\\/abreuvoirs-en-cloche\\\/abreuvoir-automatique-arion-ii\\\/#primaryimage\",\"url\":\"https:\\\/\\\/arionfasoli.com\\\/wp-content\\\/uploads\\\/2022\\\/05\\\/Abbeveratoio-automatico-arion-2.jpg\",\"contentUrl\":\"https:\\\/\\\/arionfasoli.com\\\/wp-content\\\/uploads\\\/2022\\\/05\\\/Abbeveratoio-automatico-arion-2.jpg\",\"width\":700,\"height\":700},{\"@type\":\"BreadcrumbList\",\"@id\":\"https:\\\/\\\/arionfasoli.com\\\/fr\\\/materiel-avicole\\\/abreuvoirs\\\/abreuvoirs-en-cloche\\\/abreuvoir-automatique-arion-ii\\\/#breadcrumb\",\"itemListElement\":[{\"@type\":\"ListItem\",\"position\":1,\"name\":\"Home\",\"item\":\"https:\\\/\\\/arionfasoli.com\\\/fr\\\/\"},{\"@type\":\"ListItem\",\"position\":2,\"name\":\"Catalogue\",\"item\":\"https:\\\/\\\/arionfasoli.com\\\/fr\\\/catalogue\\\/\"},{\"@type\":\"ListItem\",\"position\":3,\"name\":\"Abreuvoir automatique Arion II\"}]},{\"@type\":\"WebSite\",\"@id\":\"https:\\\/\\\/arionfasoli.com\\\/fr\\\/#website\",\"url\":\"https:\\\/\\\/arionfasoli.com\\\/fr\\\/\",\"name\":\"Arion Fasoli\",\"description\":\"\",\"publisher\":{\"@id\":\"https:\\\/\\\/arionfasoli.com\\\/fr\\\/#organization\"},\"potentialAction\":[{\"@type\":\"SearchAction\",\"target\":{\"@type\":\"EntryPoint\",\"urlTemplate\":\"https:\\\/\\\/arionfasoli.com\\\/fr\\\/?s={search_term_string}\"},\"query-input\":{\"@type\":\"PropertyValueSpecification\",\"valueRequired\":true,\"valueName\":\"search_term_string\"}}],\"inLanguage\":\"fr-FR\"},{\"@type\":\"Organization\",\"@id\":\"https:\\\/\\\/arionfasoli.com\\\/fr\\\/#organization\",\"name\":\"Arion Fasoli\",\"url\":\"https:\\\/\\\/arionfasoli.com\\\/fr\\\/\",\"logo\":{\"@type\":\"ImageObject\",\"inLanguage\":\"fr-FR\",\"@id\":\"https:\\\/\\\/arionfasoli.com\\\/fr\\\/#\\\/schema\\\/logo\\\/image\\\/\",\"url\":\"https:\\\/\\\/arionfasoli.com\\\/wp-content\\\/uploads\\\/2022\\\/01\\\/Arion-Fasoli-Logo.png\",\"contentUrl\":\"https:\\\/\\\/arionfasoli.com\\\/wp-content\\\/uploads\\\/2022\\\/01\\\/Arion-Fasoli-Logo.png\",\"width\":600,\"height\":120,\"caption\":\"Arion Fasoli\"},\"image\":{\"@id\":\"https:\\\/\\\/arionfasoli.com\\\/fr\\\/#\\\/schema\\\/logo\\\/image\\\/\"},\"sameAs\":[\"https:\\\/\\\/www.facebook.com\\\/arionfasolisrl\\\/\",\"https:\\\/\\\/www.instagram.com\\\/arionfasoli\\\/\",\"https:\\\/\\\/www.youtube.com\\\/c\\\/ArionFasoli\",\"https:\\\/\\\/www.linkedin.com\\\/company\\\/arion-fasoli\"]}]}<\/script>\n<!-- \/ Yoast SEO plugin. -->","yoast_head_json":{"title":"Abreuvoir automatique Arion II - Arion Fasoli","robots":{"index":"index","follow":"follow","max-snippet":"max-snippet:-1","max-image-preview":"max-image-preview:large","max-video-preview":"max-video-preview:-1"},"canonical":"https:\/\/arionfasoli.com\/fr\/materiel-avicole\/abreuvoirs\/abreuvoirs-en-cloche\/abreuvoir-automatique-arion-ii\/","og_locale":"fr_FR","og_type":"article","og_title":"Abreuvoir automatique Arion II - Arion Fasoli","og_description":"Abreuvoir automatique \u00e0 cloche pour dindes (jusqu'\u00e0 50 t\u00eates) et dindonneaux (jusqu'\u00e0 80 t\u00eates). L'abreuvoir fonctionne \u00e0 la fois au sol et suspendu et est \u00e9quip\u00e9 d'une vanne automatique sans filtre qui r\u00e9gule le niveau d'eau. Fourni complet avec cordon de suspension, oeillets de r\u00e9glage et guide de tuyau. Fabriqu\u00e9 en plastique de haute qualit\u00e9; Facile \u00e0 nettoyer; La vanne a une garantie de 5 ans; L'abreuvoir n\u00e9cessite une pression d'eau entre 0,2 et 0,5 bar. Gr\u00e2ce \u00e0 l'abreuvoir automatique Arion II, vous aurez de l'eau fra\u00eeche et propre pour votre \u00e9levage avicole.","og_url":"https:\/\/arionfasoli.com\/fr\/materiel-avicole\/abreuvoirs\/abreuvoirs-en-cloche\/abreuvoir-automatique-arion-ii\/","og_site_name":"Arion Fasoli","article_publisher":"https:\/\/www.facebook.com\/arionfasolisrl\/","article_modified_time":"2023-03-22T15:43:06+00:00","og_image":[{"width":700,"height":700,"url":"https:\/\/arionfasoli.com\/wp-content\/uploads\/2022\/05\/Abbeveratoio-automatico-arion-2.jpg","type":"image\/jpeg"}],"twitter_card":"summary_large_image","twitter_misc":{"Dur\u00e9e de lecture estim\u00e9e":"1 minute"},"schema":{"@context":"https:\/\/schema.org","@graph":[{"@type":"WebPage","@id":"https:\/\/arionfasoli.com\/fr\/materiel-avicole\/abreuvoirs\/abreuvoirs-en-cloche\/abreuvoir-automatique-arion-ii\/","url":"https:\/\/arionfasoli.com\/fr\/materiel-avicole\/abreuvoirs\/abreuvoirs-en-cloche\/abreuvoir-automatique-arion-ii\/","name":"Abreuvoir automatique Arion II - Arion Fasoli","isPartOf":{"@id":"https:\/\/arionfasoli.com\/fr\/#website"},"primaryImageOfPage":{"@id":"https:\/\/arionfasoli.com\/fr\/materiel-avicole\/abreuvoirs\/abreuvoirs-en-cloche\/abreuvoir-automatique-arion-ii\/#primaryimage"},"image":{"@id":"https:\/\/arionfasoli.com\/fr\/materiel-avicole\/abreuvoirs\/abreuvoirs-en-cloche\/abreuvoir-automatique-arion-ii\/#primaryimage"},"thumbnailUrl":"https:\/\/arionfasoli.com\/wp-content\/uploads\/2022\/05\/Abbeveratoio-automatico-arion-2.jpg","datePublished":"2022-05-18T13:38:44+00:00","dateModified":"2023-03-22T15:43:06+00:00","breadcrumb":{"@id":"https:\/\/arionfasoli.com\/fr\/materiel-avicole\/abreuvoirs\/abreuvoirs-en-cloche\/abreuvoir-automatique-arion-ii\/#breadcrumb"},"inLanguage":"fr-FR","potentialAction":[{"@type":"ReadAction","target":["https:\/\/arionfasoli.com\/fr\/materiel-avicole\/abreuvoirs\/abreuvoirs-en-cloche\/abreuvoir-automatique-arion-ii\/"]}]},{"@type":"ImageObject","inLanguage":"fr-FR","@id":"https:\/\/arionfasoli.com\/fr\/materiel-avicole\/abreuvoirs\/abreuvoirs-en-cloche\/abreuvoir-automatique-arion-ii\/#primaryimage","url":"https:\/\/arionfasoli.com\/wp-content\/uploads\/2022\/05\/Abbeveratoio-automatico-arion-2.jpg","contentUrl":"https:\/\/arionfasoli.com\/wp-content\/uploads\/2022\/05\/Abbeveratoio-automatico-arion-2.jpg","width":700,"height":700},{"@type":"BreadcrumbList","@id":"https:\/\/arionfasoli.com\/fr\/materiel-avicole\/abreuvoirs\/abreuvoirs-en-cloche\/abreuvoir-automatique-arion-ii\/#breadcrumb","itemListElement":[{"@type":"ListItem","position":1,"name":"Home","item":"https:\/\/arionfasoli.com\/fr\/"},{"@type":"ListItem","position":2,"name":"Catalogue","item":"https:\/\/arionfasoli.com\/fr\/catalogue\/"},{"@type":"ListItem","position":3,"name":"Abreuvoir automatique Arion II"}]},{"@type":"WebSite","@id":"https:\/\/arionfasoli.com\/fr\/#website","url":"https:\/\/arionfasoli.com\/fr\/","name":"Arion Fasoli","description":"","publisher":{"@id":"https:\/\/arionfasoli.com\/fr\/#organization"},"potentialAction":[{"@type":"SearchAction","target":{"@type":"EntryPoint","urlTemplate":"https:\/\/arionfasoli.com\/fr\/?s={search_term_string}"},"query-input":{"@type":"PropertyValueSpecification","valueRequired":true,"valueName":"search_term_string"}}],"inLanguage":"fr-FR"},{"@type":"Organization","@id":"https:\/\/arionfasoli.com\/fr\/#organization","name":"Arion Fasoli","url":"https:\/\/arionfasoli.com\/fr\/","logo":{"@type":"ImageObject","inLanguage":"fr-FR","@id":"https:\/\/arionfasoli.com\/fr\/#\/schema\/logo\/image\/","url":"https:\/\/arionfasoli.com\/wp-content\/uploads\/2022\/01\/Arion-Fasoli-Logo.png","contentUrl":"https:\/\/arionfasoli.com\/wp-content\/uploads\/2022\/01\/Arion-Fasoli-Logo.png","width":600,"height":120,"caption":"Arion Fasoli"},"image":{"@id":"https:\/\/arionfasoli.com\/fr\/#\/schema\/logo\/image\/"},"sameAs":["https:\/\/www.facebook.com\/arionfasolisrl\/","https:\/\/www.instagram.com\/arionfasoli\/","https:\/\/www.youtube.com\/c\/ArionFasoli","https:\/\/www.linkedin.com\/company\/arion-fasoli"]}]}},"_links":{"self":[{"href":"https:\/\/arionfasoli.com\/fr\/wp-json\/wp\/v2\/product\/1656","targetHints":{"allow":["GET"]}}],"collection":[{"href":"https:\/\/arionfasoli.com\/fr\/wp-json\/wp\/v2\/product"}],"about":[{"href":"https:\/\/arionfasoli.com\/fr\/wp-json\/wp\/v2\/types\/product"}],"wp:featuredmedia":[{"embeddable":true,"href":"https:\/\/arionfasoli.com\/fr\/wp-json\/wp\/v2\/media\/834"}],"wp:attachment":[{"href":"https:\/\/arionfasoli.com\/fr\/wp-json\/wp\/v2\/media?parent=1656"}],"wp:term":[{"taxonomy":"product_brand","embeddable":true,"href":"https:\/\/arionfasoli.com\/fr\/wp-json\/wp\/v2\/product_brand?post=1656"},{"taxonomy":"product_cat","embeddable":true,"href":"https:\/\/arionfasoli.com\/fr\/wp-json\/wp\/v2\/product_cat?post=1656"},{"taxonomy":"product_tag","embeddable":true,"href":"https:\/\/arionfasoli.com\/fr\/wp-json\/wp\/v2\/product_tag?post=1656"}],"curies":[{"name":"wp","href":"https:\/\/api.w.org\/{rel}","templated":true}]}}