{"id":1723,"date":"2022-10-05T15:15:12","date_gmt":"2022-10-05T13:15:12","guid":{"rendered":"https:\/\/arionfasoli.com\/non class\u00e9\/calibreuse-doeufs-s61-6000-oeufs-heure\/"},"modified":"2022-10-05T15:15:12","modified_gmt":"2022-10-05T13:15:12","slug":"calibreuse-oeufs-s61","status":"publish","type":"product","link":"https:\/\/arionfasoli.com\/fr\/materiel-avicole\/calibreuses-oeufs\/mecaniques\/calibreuse-oeufs-s61\/","title":{"rendered":"Calibreuse d&#8217;\u0153ufs S61 (6000 \u0153ufs\/heure)"},"content":{"rendered":"","protected":false},"excerpt":{"rendered":"<p>Calibreuse d&#8217;\u0153ufs S61 <strong>id\u00e9ale pour les petites et moyennes entreprises<\/strong>.<br \/>\nConstruite enti\u00e8rement en acier inoxydable, elle garantit de nombreuses ann\u00e9es de service avec un entretien minimal.<\/p>\n<ul>\n<li>La capacit\u00e9 est l\u00e9g\u00e8rement sup\u00e9rieure \u00e0 6000 \u0153ufs\/heure avec chargement par convoyeur \u00e0 bande modulaire;<\/li>\n<li>Comprend une lampe d&#8217;incubation;<\/li>\n<li>S\u00e9lection jusqu&#8217;\u00e0 7 cat\u00e9gories de poids \u00e0 l&#8217;aide de 12 balances de pr\u00e9cision;<\/li>\n<li>Guides r\u00e9glables pour la r\u00e9partition des cat\u00e9gories d&#8217;\u0153ufs;<\/li>\n<li>Alimentation \u00e9lectrique.<\/li>\n<\/ul>\n<p>Le mod\u00e8le S61 est <strong>disponible en 4 configurations diff\u00e9rentes<\/strong>, avec bande standard ou longue.<\/p>\n<p><strong>Sur demande, elle peut \u00eatre \u00e9quip\u00e9e d&#8217;un syst\u00e8me de marquage m\u00e9canique.<\/strong><\/p>\n","protected":false},"featured_media":1024,"template":"","meta":[],"product_brand":[],"product_cat":[449],"product_tag":[],"class_list":{"0":"post-1723","1":"product","2":"type-product","3":"status-publish","4":"has-post-thumbnail","6":"product_cat-mecaniques","7":"description-off","9":"first","10":"instock","11":"shipping-taxable","12":"product-type-simple"},"yoast_head":"<!-- This site is optimized with the Yoast SEO plugin v27.2 - https:\/\/yoast.com\/product\/yoast-seo-wordpress\/ -->\n<title>Calibreuse d&#039;\u0153ufs S61 (6000 \u0153ufs\/heure) - Arion Fasoli<\/title>\n<meta name=\"robots\" content=\"index, follow, max-snippet:-1, max-image-preview:large, max-video-preview:-1\" \/>\n<link rel=\"canonical\" href=\"https:\/\/arionfasoli.com\/fr\/materiel-avicole\/calibreuses-oeufs\/mecaniques\/calibreuse-oeufs-s61\/\" \/>\n<meta property=\"og:locale\" content=\"fr_FR\" \/>\n<meta property=\"og:type\" content=\"article\" \/>\n<meta property=\"og:title\" content=\"Calibreuse d&#039;\u0153ufs S61 (6000 \u0153ufs\/heure) - Arion Fasoli\" \/>\n<meta property=\"og:description\" content=\"Calibreuse d&#039;\u0153ufs S61 id\u00e9ale pour les petites et moyennes entreprises. Construite enti\u00e8rement en acier inoxydable, elle garantit de nombreuses ann\u00e9es de service avec un entretien minimal.  La capacit\u00e9 est l\u00e9g\u00e8rement sup\u00e9rieure \u00e0 6000 \u0153ufs\/heure avec chargement par convoyeur \u00e0 bande modulaire;  Comprend une lampe d&#039;incubation;  S\u00e9lection jusqu&#039;\u00e0 7 cat\u00e9gories de poids \u00e0 l&#039;aide de 12 balances de pr\u00e9cision;  Guides r\u00e9glables pour la r\u00e9partition des cat\u00e9gories d&#039;\u0153ufs;  Alimentation \u00e9lectrique. Le mod\u00e8le S61 est disponible en 4 configurations diff\u00e9rentes, avec bande standard ou longue. Sur demande, elle peut \u00eatre \u00e9quip\u00e9e d&#039;un syst\u00e8me de marquage m\u00e9canique.\" \/>\n<meta property=\"og:url\" content=\"https:\/\/arionfasoli.com\/fr\/materiel-avicole\/calibreuses-oeufs\/mecaniques\/calibreuse-oeufs-s61\/\" \/>\n<meta property=\"og:site_name\" content=\"Arion Fasoli\" \/>\n<meta property=\"article:publisher\" content=\"https:\/\/www.facebook.com\/arionfasolisrl\/\" \/>\n<meta property=\"og:image\" content=\"https:\/\/arionfasoli.com\/wp-content\/uploads\/2022\/10\/Selezionatrice-per-uova-S61.jpg\" \/>\n\t<meta property=\"og:image:width\" content=\"800\" \/>\n\t<meta property=\"og:image:height\" content=\"800\" \/>\n\t<meta property=\"og:image:type\" content=\"image\/jpeg\" \/>\n<meta name=\"twitter:card\" content=\"summary_large_image\" \/>\n<script type=\"application\/ld+json\" class=\"yoast-schema-graph\">{\"@context\":\"https:\/\/schema.org\",\"@graph\":[{\"@type\":\"WebPage\",\"@id\":\"https:\/\/arionfasoli.com\/fr\/materiel-avicole\/calibreuses-oeufs\/mecaniques\/calibreuse-oeufs-s61\/\",\"url\":\"https:\/\/arionfasoli.com\/fr\/materiel-avicole\/calibreuses-oeufs\/mecaniques\/calibreuse-oeufs-s61\/\",\"name\":\"Calibreuse d'\u0153ufs S61 (6000 \u0153ufs\/heure) - Arion Fasoli\",\"isPartOf\":{\"@id\":\"https:\/\/arionfasoli.com\/fr\/#website\"},\"primaryImageOfPage\":{\"@id\":\"https:\/\/arionfasoli.com\/fr\/materiel-avicole\/calibreuses-oeufs\/mecaniques\/calibreuse-oeufs-s61\/#primaryimage\"},\"image\":{\"@id\":\"https:\/\/arionfasoli.com\/fr\/materiel-avicole\/calibreuses-oeufs\/mecaniques\/calibreuse-oeufs-s61\/#primaryimage\"},\"thumbnailUrl\":\"https:\/\/arionfasoli.com\/wp-content\/uploads\/2022\/10\/Selezionatrice-per-uova-S61.jpg\",\"datePublished\":\"2022-10-05T13:15:12+00:00\",\"breadcrumb\":{\"@id\":\"https:\/\/arionfasoli.com\/fr\/materiel-avicole\/calibreuses-oeufs\/mecaniques\/calibreuse-oeufs-s61\/#breadcrumb\"},\"inLanguage\":\"fr-FR\",\"potentialAction\":[{\"@type\":\"ReadAction\",\"target\":[\"https:\/\/arionfasoli.com\/fr\/materiel-avicole\/calibreuses-oeufs\/mecaniques\/calibreuse-oeufs-s61\/\"]}]},{\"@type\":\"ImageObject\",\"inLanguage\":\"fr-FR\",\"@id\":\"https:\/\/arionfasoli.com\/fr\/materiel-avicole\/calibreuses-oeufs\/mecaniques\/calibreuse-oeufs-s61\/#primaryimage\",\"url\":\"https:\/\/arionfasoli.com\/wp-content\/uploads\/2022\/10\/Selezionatrice-per-uova-S61.jpg\",\"contentUrl\":\"https:\/\/arionfasoli.com\/wp-content\/uploads\/2022\/10\/Selezionatrice-per-uova-S61.jpg\",\"width\":800,\"height\":800},{\"@type\":\"BreadcrumbList\",\"@id\":\"https:\/\/arionfasoli.com\/fr\/materiel-avicole\/calibreuses-oeufs\/mecaniques\/calibreuse-oeufs-s61\/#breadcrumb\",\"itemListElement\":[{\"@type\":\"ListItem\",\"position\":1,\"name\":\"Home\",\"item\":\"https:\/\/arionfasoli.com\/fr\/\"},{\"@type\":\"ListItem\",\"position\":2,\"name\":\"Catalogue\",\"item\":\"https:\/\/arionfasoli.com\/fr\/catalogue\/\"},{\"@type\":\"ListItem\",\"position\":3,\"name\":\"Calibreuse d&#8217;\u0153ufs S61 (6000 \u0153ufs\/heure)\"}]},{\"@type\":\"WebSite\",\"@id\":\"https:\/\/arionfasoli.com\/fr\/#website\",\"url\":\"https:\/\/arionfasoli.com\/fr\/\",\"name\":\"Arion Fasoli\",\"description\":\"\",\"publisher\":{\"@id\":\"https:\/\/arionfasoli.com\/fr\/#organization\"},\"potentialAction\":[{\"@type\":\"SearchAction\",\"target\":{\"@type\":\"EntryPoint\",\"urlTemplate\":\"https:\/\/arionfasoli.com\/fr\/?s={search_term_string}\"},\"query-input\":{\"@type\":\"PropertyValueSpecification\",\"valueRequired\":true,\"valueName\":\"search_term_string\"}}],\"inLanguage\":\"fr-FR\"},{\"@type\":\"Organization\",\"@id\":\"https:\/\/arionfasoli.com\/fr\/#organization\",\"name\":\"Arion Fasoli\",\"url\":\"https:\/\/arionfasoli.com\/fr\/\",\"logo\":{\"@type\":\"ImageObject\",\"inLanguage\":\"fr-FR\",\"@id\":\"https:\/\/arionfasoli.com\/fr\/#\/schema\/logo\/image\/\",\"url\":\"https:\/\/arionfasoli.com\/wp-content\/uploads\/2022\/01\/Arion-Fasoli-Logo.png\",\"contentUrl\":\"https:\/\/arionfasoli.com\/wp-content\/uploads\/2022\/01\/Arion-Fasoli-Logo.png\",\"width\":600,\"height\":120,\"caption\":\"Arion Fasoli\"},\"image\":{\"@id\":\"https:\/\/arionfasoli.com\/fr\/#\/schema\/logo\/image\/\"},\"sameAs\":[\"https:\/\/www.facebook.com\/arionfasolisrl\/\",\"https:\/\/www.instagram.com\/arionfasoli\/\",\"https:\/\/www.youtube.com\/c\/ArionFasoli\",\"https:\/\/www.linkedin.com\/company\/arion-fasoli\"]}]}<\/script>\n<!-- \/ Yoast SEO plugin. -->","yoast_head_json":{"title":"Calibreuse d'\u0153ufs S61 (6000 \u0153ufs\/heure) - Arion Fasoli","robots":{"index":"index","follow":"follow","max-snippet":"max-snippet:-1","max-image-preview":"max-image-preview:large","max-video-preview":"max-video-preview:-1"},"canonical":"https:\/\/arionfasoli.com\/fr\/materiel-avicole\/calibreuses-oeufs\/mecaniques\/calibreuse-oeufs-s61\/","og_locale":"fr_FR","og_type":"article","og_title":"Calibreuse d'\u0153ufs S61 (6000 \u0153ufs\/heure) - Arion Fasoli","og_description":"Calibreuse d'\u0153ufs S61 id\u00e9ale pour les petites et moyennes entreprises. Construite enti\u00e8rement en acier inoxydable, elle garantit de nombreuses ann\u00e9es de service avec un entretien minimal.  La capacit\u00e9 est l\u00e9g\u00e8rement sup\u00e9rieure \u00e0 6000 \u0153ufs\/heure avec chargement par convoyeur \u00e0 bande modulaire;  Comprend une lampe d'incubation;  S\u00e9lection jusqu'\u00e0 7 cat\u00e9gories de poids \u00e0 l'aide de 12 balances de pr\u00e9cision;  Guides r\u00e9glables pour la r\u00e9partition des cat\u00e9gories d'\u0153ufs;  Alimentation \u00e9lectrique. Le mod\u00e8le S61 est disponible en 4 configurations diff\u00e9rentes, avec bande standard ou longue. Sur demande, elle peut \u00eatre \u00e9quip\u00e9e d'un syst\u00e8me de marquage m\u00e9canique.","og_url":"https:\/\/arionfasoli.com\/fr\/materiel-avicole\/calibreuses-oeufs\/mecaniques\/calibreuse-oeufs-s61\/","og_site_name":"Arion Fasoli","article_publisher":"https:\/\/www.facebook.com\/arionfasolisrl\/","og_image":[{"width":800,"height":800,"url":"https:\/\/arionfasoli.com\/wp-content\/uploads\/2022\/10\/Selezionatrice-per-uova-S61.jpg","type":"image\/jpeg"}],"twitter_card":"summary_large_image","schema":{"@context":"https:\/\/schema.org","@graph":[{"@type":"WebPage","@id":"https:\/\/arionfasoli.com\/fr\/materiel-avicole\/calibreuses-oeufs\/mecaniques\/calibreuse-oeufs-s61\/","url":"https:\/\/arionfasoli.com\/fr\/materiel-avicole\/calibreuses-oeufs\/mecaniques\/calibreuse-oeufs-s61\/","name":"Calibreuse d'\u0153ufs S61 (6000 \u0153ufs\/heure) - Arion Fasoli","isPartOf":{"@id":"https:\/\/arionfasoli.com\/fr\/#website"},"primaryImageOfPage":{"@id":"https:\/\/arionfasoli.com\/fr\/materiel-avicole\/calibreuses-oeufs\/mecaniques\/calibreuse-oeufs-s61\/#primaryimage"},"image":{"@id":"https:\/\/arionfasoli.com\/fr\/materiel-avicole\/calibreuses-oeufs\/mecaniques\/calibreuse-oeufs-s61\/#primaryimage"},"thumbnailUrl":"https:\/\/arionfasoli.com\/wp-content\/uploads\/2022\/10\/Selezionatrice-per-uova-S61.jpg","datePublished":"2022-10-05T13:15:12+00:00","breadcrumb":{"@id":"https:\/\/arionfasoli.com\/fr\/materiel-avicole\/calibreuses-oeufs\/mecaniques\/calibreuse-oeufs-s61\/#breadcrumb"},"inLanguage":"fr-FR","potentialAction":[{"@type":"ReadAction","target":["https:\/\/arionfasoli.com\/fr\/materiel-avicole\/calibreuses-oeufs\/mecaniques\/calibreuse-oeufs-s61\/"]}]},{"@type":"ImageObject","inLanguage":"fr-FR","@id":"https:\/\/arionfasoli.com\/fr\/materiel-avicole\/calibreuses-oeufs\/mecaniques\/calibreuse-oeufs-s61\/#primaryimage","url":"https:\/\/arionfasoli.com\/wp-content\/uploads\/2022\/10\/Selezionatrice-per-uova-S61.jpg","contentUrl":"https:\/\/arionfasoli.com\/wp-content\/uploads\/2022\/10\/Selezionatrice-per-uova-S61.jpg","width":800,"height":800},{"@type":"BreadcrumbList","@id":"https:\/\/arionfasoli.com\/fr\/materiel-avicole\/calibreuses-oeufs\/mecaniques\/calibreuse-oeufs-s61\/#breadcrumb","itemListElement":[{"@type":"ListItem","position":1,"name":"Home","item":"https:\/\/arionfasoli.com\/fr\/"},{"@type":"ListItem","position":2,"name":"Catalogue","item":"https:\/\/arionfasoli.com\/fr\/catalogue\/"},{"@type":"ListItem","position":3,"name":"Calibreuse d&#8217;\u0153ufs S61 (6000 \u0153ufs\/heure)"}]},{"@type":"WebSite","@id":"https:\/\/arionfasoli.com\/fr\/#website","url":"https:\/\/arionfasoli.com\/fr\/","name":"Arion Fasoli","description":"","publisher":{"@id":"https:\/\/arionfasoli.com\/fr\/#organization"},"potentialAction":[{"@type":"SearchAction","target":{"@type":"EntryPoint","urlTemplate":"https:\/\/arionfasoli.com\/fr\/?s={search_term_string}"},"query-input":{"@type":"PropertyValueSpecification","valueRequired":true,"valueName":"search_term_string"}}],"inLanguage":"fr-FR"},{"@type":"Organization","@id":"https:\/\/arionfasoli.com\/fr\/#organization","name":"Arion Fasoli","url":"https:\/\/arionfasoli.com\/fr\/","logo":{"@type":"ImageObject","inLanguage":"fr-FR","@id":"https:\/\/arionfasoli.com\/fr\/#\/schema\/logo\/image\/","url":"https:\/\/arionfasoli.com\/wp-content\/uploads\/2022\/01\/Arion-Fasoli-Logo.png","contentUrl":"https:\/\/arionfasoli.com\/wp-content\/uploads\/2022\/01\/Arion-Fasoli-Logo.png","width":600,"height":120,"caption":"Arion Fasoli"},"image":{"@id":"https:\/\/arionfasoli.com\/fr\/#\/schema\/logo\/image\/"},"sameAs":["https:\/\/www.facebook.com\/arionfasolisrl\/","https:\/\/www.instagram.com\/arionfasoli\/","https:\/\/www.youtube.com\/c\/ArionFasoli","https:\/\/www.linkedin.com\/company\/arion-fasoli"]}]}},"_links":{"self":[{"href":"https:\/\/arionfasoli.com\/fr\/wp-json\/wp\/v2\/product\/1723","targetHints":{"allow":["GET"]}}],"collection":[{"href":"https:\/\/arionfasoli.com\/fr\/wp-json\/wp\/v2\/product"}],"about":[{"href":"https:\/\/arionfasoli.com\/fr\/wp-json\/wp\/v2\/types\/product"}],"wp:featuredmedia":[{"embeddable":true,"href":"https:\/\/arionfasoli.com\/fr\/wp-json\/wp\/v2\/media\/1024"}],"wp:attachment":[{"href":"https:\/\/arionfasoli.com\/fr\/wp-json\/wp\/v2\/media?parent=1723"}],"wp:term":[{"taxonomy":"product_brand","embeddable":true,"href":"https:\/\/arionfasoli.com\/fr\/wp-json\/wp\/v2\/product_brand?post=1723"},{"taxonomy":"product_cat","embeddable":true,"href":"https:\/\/arionfasoli.com\/fr\/wp-json\/wp\/v2\/product_cat?post=1723"},{"taxonomy":"product_tag","embeddable":true,"href":"https:\/\/arionfasoli.com\/fr\/wp-json\/wp\/v2\/product_tag?post=1723"}],"curies":[{"name":"wp","href":"https:\/\/api.w.org\/{rel}","templated":true}]}}