{"id":1768,"date":"2022-11-02T16:09:07","date_gmt":"2022-11-02T15:09:07","guid":{"rendered":"https:\/\/arionfasoli.com\/non class\u00e9\/mangeoire-a-tremie-pour-porcs-dengraissement-en-liberte\/"},"modified":"2022-11-02T16:09:07","modified_gmt":"2022-11-02T15:09:07","slug":"mangeoire-tremie-porcs-engraissement-liberte","status":"publish","type":"product","link":"https:\/\/arionfasoli.com\/fr\/materiel-elevage-porcs\/mangeoires-pour-porcs\/mangeoire-tremie-porcs-engraissement-liberte\/","title":{"rendered":"Mangeoire \u00e0 tr\u00e9mie pour porcs d&#8217;engraissement en libert\u00e9"},"content":{"rendered":"","protected":false},"excerpt":{"rendered":"<p>Mangeoire \u00e0 tr\u00e9mie pour porcs d&#8217;engraissement en libert\u00e9 \u00e9quip\u00e9e d&#8217;un toit basculant en acier inoxydable.<\/p>\n<p>La mangeoire en acier inoxydable pour porcs d&#8217;engraissement en libert\u00e9 est un \u00e9quipement indispensable pour votre \u00e9levage en plein air qui vous permet d&#8217;\u00e9conomiser sur les co\u00fbts de gestion du mat\u00e9riel en r\u00e9duisant consid\u00e9rablement le gaspillage de nourriture. De plus, gr\u00e2ce \u00e0 la pr\u00e9sence des bords anti-coupure, vos porcs seront plus \u00e0 l&#8217;aise pour manger et courront moins de risques.<\/p>\n<p>Dot\u00e9e de 4 compartiments, cette mangeoire \u00e0 tr\u00e9mie a une capacit\u00e9 de 100\/120 kg et une longueur de 100 cm.<\/p>\n","protected":false},"featured_media":1274,"template":"","meta":[],"product_brand":[],"product_cat":[456],"product_tag":[],"class_list":{"0":"post-1768","1":"product","2":"type-product","3":"status-publish","4":"has-post-thumbnail","6":"product_cat-mangeoires-pour-porcs","7":"description-off","9":"first","10":"instock","11":"shipping-taxable","12":"product-type-simple"},"yoast_head":"<!-- This site is optimized with the Yoast SEO plugin v27.6 - https:\/\/yoast.com\/product\/yoast-seo-wordpress\/ -->\n<title>Mangeoire \u00e0 tr\u00e9mie pour porcs d&#039;engraissement en libert\u00e9 - Arion Fasoli<\/title>\n<meta name=\"robots\" content=\"index, follow, max-snippet:-1, max-image-preview:large, max-video-preview:-1\" \/>\n<link rel=\"canonical\" href=\"https:\/\/arionfasoli.com\/fr\/materiel-elevage-porcs\/mangeoires-pour-porcs\/mangeoire-tremie-porcs-engraissement-liberte\/\" \/>\n<meta property=\"og:locale\" content=\"fr_FR\" \/>\n<meta property=\"og:type\" content=\"article\" \/>\n<meta property=\"og:title\" content=\"Mangeoire \u00e0 tr\u00e9mie pour porcs d&#039;engraissement en libert\u00e9 - Arion Fasoli\" \/>\n<meta property=\"og:description\" content=\"Mangeoire \u00e0 tr\u00e9mie pour porcs d&#039;engraissement en libert\u00e9 \u00e9quip\u00e9e d&#039;un toit basculant en acier inoxydable. La mangeoire en acier inoxydable pour porcs d&#039;engraissement en libert\u00e9 est un \u00e9quipement indispensable pour votre \u00e9levage en plein air qui vous permet d&#039;\u00e9conomiser sur les co\u00fbts de gestion du mat\u00e9riel en r\u00e9duisant consid\u00e9rablement le gaspillage de nourriture. De plus, gr\u00e2ce \u00e0 la pr\u00e9sence des bords anti-coupure, vos porcs seront plus \u00e0 l&#039;aise pour manger et courront moins de risques. Dot\u00e9e de 4 compartiments, cette mangeoire \u00e0 tr\u00e9mie a une capacit\u00e9 de 100\/120 kg et une longueur de 100 cm.\" \/>\n<meta property=\"og:url\" content=\"https:\/\/arionfasoli.com\/fr\/materiel-elevage-porcs\/mangeoires-pour-porcs\/mangeoire-tremie-porcs-engraissement-liberte\/\" \/>\n<meta property=\"og:site_name\" content=\"Arion Fasoli\" \/>\n<meta property=\"article:publisher\" content=\"https:\/\/www.facebook.com\/arionfasolisrl\/\" \/>\n<meta property=\"og:image\" content=\"https:\/\/arionfasoli.com\/wp-content\/uploads\/2022\/11\/Mangiatoia-tramoggia-per-suini-stato-brado-100-cm-9090M-01.jpg\" \/>\n\t<meta property=\"og:image:width\" content=\"700\" \/>\n\t<meta property=\"og:image:height\" content=\"700\" \/>\n\t<meta property=\"og:image:type\" content=\"image\/jpeg\" \/>\n<meta name=\"twitter:card\" content=\"summary_large_image\" \/>\n<script type=\"application\/ld+json\" class=\"yoast-schema-graph\">{\"@context\":\"https:\\\/\\\/schema.org\",\"@graph\":[{\"@type\":\"WebPage\",\"@id\":\"https:\\\/\\\/arionfasoli.com\\\/fr\\\/materiel-elevage-porcs\\\/mangeoires-pour-porcs\\\/mangeoire-tremie-porcs-engraissement-liberte\\\/\",\"url\":\"https:\\\/\\\/arionfasoli.com\\\/fr\\\/materiel-elevage-porcs\\\/mangeoires-pour-porcs\\\/mangeoire-tremie-porcs-engraissement-liberte\\\/\",\"name\":\"Mangeoire \u00e0 tr\u00e9mie pour porcs d'engraissement en libert\u00e9 - Arion Fasoli\",\"isPartOf\":{\"@id\":\"https:\\\/\\\/arionfasoli.com\\\/fr\\\/#website\"},\"primaryImageOfPage\":{\"@id\":\"https:\\\/\\\/arionfasoli.com\\\/fr\\\/materiel-elevage-porcs\\\/mangeoires-pour-porcs\\\/mangeoire-tremie-porcs-engraissement-liberte\\\/#primaryimage\"},\"image\":{\"@id\":\"https:\\\/\\\/arionfasoli.com\\\/fr\\\/materiel-elevage-porcs\\\/mangeoires-pour-porcs\\\/mangeoire-tremie-porcs-engraissement-liberte\\\/#primaryimage\"},\"thumbnailUrl\":\"https:\\\/\\\/arionfasoli.com\\\/wp-content\\\/uploads\\\/2022\\\/11\\\/Mangiatoia-tramoggia-per-suini-stato-brado-100-cm-9090M-01.jpg\",\"datePublished\":\"2022-11-02T15:09:07+00:00\",\"breadcrumb\":{\"@id\":\"https:\\\/\\\/arionfasoli.com\\\/fr\\\/materiel-elevage-porcs\\\/mangeoires-pour-porcs\\\/mangeoire-tremie-porcs-engraissement-liberte\\\/#breadcrumb\"},\"inLanguage\":\"fr-FR\",\"potentialAction\":[{\"@type\":\"ReadAction\",\"target\":[\"https:\\\/\\\/arionfasoli.com\\\/fr\\\/materiel-elevage-porcs\\\/mangeoires-pour-porcs\\\/mangeoire-tremie-porcs-engraissement-liberte\\\/\"]}]},{\"@type\":\"ImageObject\",\"inLanguage\":\"fr-FR\",\"@id\":\"https:\\\/\\\/arionfasoli.com\\\/fr\\\/materiel-elevage-porcs\\\/mangeoires-pour-porcs\\\/mangeoire-tremie-porcs-engraissement-liberte\\\/#primaryimage\",\"url\":\"https:\\\/\\\/arionfasoli.com\\\/wp-content\\\/uploads\\\/2022\\\/11\\\/Mangiatoia-tramoggia-per-suini-stato-brado-100-cm-9090M-01.jpg\",\"contentUrl\":\"https:\\\/\\\/arionfasoli.com\\\/wp-content\\\/uploads\\\/2022\\\/11\\\/Mangiatoia-tramoggia-per-suini-stato-brado-100-cm-9090M-01.jpg\",\"width\":700,\"height\":700},{\"@type\":\"BreadcrumbList\",\"@id\":\"https:\\\/\\\/arionfasoli.com\\\/fr\\\/materiel-elevage-porcs\\\/mangeoires-pour-porcs\\\/mangeoire-tremie-porcs-engraissement-liberte\\\/#breadcrumb\",\"itemListElement\":[{\"@type\":\"ListItem\",\"position\":1,\"name\":\"Home\",\"item\":\"https:\\\/\\\/arionfasoli.com\\\/fr\\\/\"},{\"@type\":\"ListItem\",\"position\":2,\"name\":\"Catalogue\",\"item\":\"https:\\\/\\\/arionfasoli.com\\\/fr\\\/catalogue\\\/\"},{\"@type\":\"ListItem\",\"position\":3,\"name\":\"Mangeoire \u00e0 tr\u00e9mie pour porcs d&#8217;engraissement en libert\u00e9\"}]},{\"@type\":\"WebSite\",\"@id\":\"https:\\\/\\\/arionfasoli.com\\\/fr\\\/#website\",\"url\":\"https:\\\/\\\/arionfasoli.com\\\/fr\\\/\",\"name\":\"Arion Fasoli\",\"description\":\"\",\"publisher\":{\"@id\":\"https:\\\/\\\/arionfasoli.com\\\/fr\\\/#organization\"},\"potentialAction\":[{\"@type\":\"SearchAction\",\"target\":{\"@type\":\"EntryPoint\",\"urlTemplate\":\"https:\\\/\\\/arionfasoli.com\\\/fr\\\/?s={search_term_string}\"},\"query-input\":{\"@type\":\"PropertyValueSpecification\",\"valueRequired\":true,\"valueName\":\"search_term_string\"}}],\"inLanguage\":\"fr-FR\"},{\"@type\":\"Organization\",\"@id\":\"https:\\\/\\\/arionfasoli.com\\\/fr\\\/#organization\",\"name\":\"Arion Fasoli\",\"url\":\"https:\\\/\\\/arionfasoli.com\\\/fr\\\/\",\"logo\":{\"@type\":\"ImageObject\",\"inLanguage\":\"fr-FR\",\"@id\":\"https:\\\/\\\/arionfasoli.com\\\/fr\\\/#\\\/schema\\\/logo\\\/image\\\/\",\"url\":\"https:\\\/\\\/arionfasoli.com\\\/wp-content\\\/uploads\\\/2022\\\/01\\\/Arion-Fasoli-Logo.png\",\"contentUrl\":\"https:\\\/\\\/arionfasoli.com\\\/wp-content\\\/uploads\\\/2022\\\/01\\\/Arion-Fasoli-Logo.png\",\"width\":600,\"height\":120,\"caption\":\"Arion Fasoli\"},\"image\":{\"@id\":\"https:\\\/\\\/arionfasoli.com\\\/fr\\\/#\\\/schema\\\/logo\\\/image\\\/\"},\"sameAs\":[\"https:\\\/\\\/www.facebook.com\\\/arionfasolisrl\\\/\",\"https:\\\/\\\/www.instagram.com\\\/arionfasoli\\\/\",\"https:\\\/\\\/www.youtube.com\\\/c\\\/ArionFasoli\",\"https:\\\/\\\/www.linkedin.com\\\/company\\\/arion-fasoli\"]}]}<\/script>\n<!-- \/ Yoast SEO plugin. -->","yoast_head_json":{"title":"Mangeoire \u00e0 tr\u00e9mie pour porcs d'engraissement en libert\u00e9 - Arion Fasoli","robots":{"index":"index","follow":"follow","max-snippet":"max-snippet:-1","max-image-preview":"max-image-preview:large","max-video-preview":"max-video-preview:-1"},"canonical":"https:\/\/arionfasoli.com\/fr\/materiel-elevage-porcs\/mangeoires-pour-porcs\/mangeoire-tremie-porcs-engraissement-liberte\/","og_locale":"fr_FR","og_type":"article","og_title":"Mangeoire \u00e0 tr\u00e9mie pour porcs d'engraissement en libert\u00e9 - Arion Fasoli","og_description":"Mangeoire \u00e0 tr\u00e9mie pour porcs d'engraissement en libert\u00e9 \u00e9quip\u00e9e d'un toit basculant en acier inoxydable. La mangeoire en acier inoxydable pour porcs d'engraissement en libert\u00e9 est un \u00e9quipement indispensable pour votre \u00e9levage en plein air qui vous permet d'\u00e9conomiser sur les co\u00fbts de gestion du mat\u00e9riel en r\u00e9duisant consid\u00e9rablement le gaspillage de nourriture. De plus, gr\u00e2ce \u00e0 la pr\u00e9sence des bords anti-coupure, vos porcs seront plus \u00e0 l'aise pour manger et courront moins de risques. Dot\u00e9e de 4 compartiments, cette mangeoire \u00e0 tr\u00e9mie a une capacit\u00e9 de 100\/120 kg et une longueur de 100 cm.","og_url":"https:\/\/arionfasoli.com\/fr\/materiel-elevage-porcs\/mangeoires-pour-porcs\/mangeoire-tremie-porcs-engraissement-liberte\/","og_site_name":"Arion Fasoli","article_publisher":"https:\/\/www.facebook.com\/arionfasolisrl\/","og_image":[{"width":700,"height":700,"url":"https:\/\/arionfasoli.com\/wp-content\/uploads\/2022\/11\/Mangiatoia-tramoggia-per-suini-stato-brado-100-cm-9090M-01.jpg","type":"image\/jpeg"}],"twitter_card":"summary_large_image","schema":{"@context":"https:\/\/schema.org","@graph":[{"@type":"WebPage","@id":"https:\/\/arionfasoli.com\/fr\/materiel-elevage-porcs\/mangeoires-pour-porcs\/mangeoire-tremie-porcs-engraissement-liberte\/","url":"https:\/\/arionfasoli.com\/fr\/materiel-elevage-porcs\/mangeoires-pour-porcs\/mangeoire-tremie-porcs-engraissement-liberte\/","name":"Mangeoire \u00e0 tr\u00e9mie pour porcs d'engraissement en libert\u00e9 - Arion Fasoli","isPartOf":{"@id":"https:\/\/arionfasoli.com\/fr\/#website"},"primaryImageOfPage":{"@id":"https:\/\/arionfasoli.com\/fr\/materiel-elevage-porcs\/mangeoires-pour-porcs\/mangeoire-tremie-porcs-engraissement-liberte\/#primaryimage"},"image":{"@id":"https:\/\/arionfasoli.com\/fr\/materiel-elevage-porcs\/mangeoires-pour-porcs\/mangeoire-tremie-porcs-engraissement-liberte\/#primaryimage"},"thumbnailUrl":"https:\/\/arionfasoli.com\/wp-content\/uploads\/2022\/11\/Mangiatoia-tramoggia-per-suini-stato-brado-100-cm-9090M-01.jpg","datePublished":"2022-11-02T15:09:07+00:00","breadcrumb":{"@id":"https:\/\/arionfasoli.com\/fr\/materiel-elevage-porcs\/mangeoires-pour-porcs\/mangeoire-tremie-porcs-engraissement-liberte\/#breadcrumb"},"inLanguage":"fr-FR","potentialAction":[{"@type":"ReadAction","target":["https:\/\/arionfasoli.com\/fr\/materiel-elevage-porcs\/mangeoires-pour-porcs\/mangeoire-tremie-porcs-engraissement-liberte\/"]}]},{"@type":"ImageObject","inLanguage":"fr-FR","@id":"https:\/\/arionfasoli.com\/fr\/materiel-elevage-porcs\/mangeoires-pour-porcs\/mangeoire-tremie-porcs-engraissement-liberte\/#primaryimage","url":"https:\/\/arionfasoli.com\/wp-content\/uploads\/2022\/11\/Mangiatoia-tramoggia-per-suini-stato-brado-100-cm-9090M-01.jpg","contentUrl":"https:\/\/arionfasoli.com\/wp-content\/uploads\/2022\/11\/Mangiatoia-tramoggia-per-suini-stato-brado-100-cm-9090M-01.jpg","width":700,"height":700},{"@type":"BreadcrumbList","@id":"https:\/\/arionfasoli.com\/fr\/materiel-elevage-porcs\/mangeoires-pour-porcs\/mangeoire-tremie-porcs-engraissement-liberte\/#breadcrumb","itemListElement":[{"@type":"ListItem","position":1,"name":"Home","item":"https:\/\/arionfasoli.com\/fr\/"},{"@type":"ListItem","position":2,"name":"Catalogue","item":"https:\/\/arionfasoli.com\/fr\/catalogue\/"},{"@type":"ListItem","position":3,"name":"Mangeoire \u00e0 tr\u00e9mie pour porcs d&#8217;engraissement en libert\u00e9"}]},{"@type":"WebSite","@id":"https:\/\/arionfasoli.com\/fr\/#website","url":"https:\/\/arionfasoli.com\/fr\/","name":"Arion Fasoli","description":"","publisher":{"@id":"https:\/\/arionfasoli.com\/fr\/#organization"},"potentialAction":[{"@type":"SearchAction","target":{"@type":"EntryPoint","urlTemplate":"https:\/\/arionfasoli.com\/fr\/?s={search_term_string}"},"query-input":{"@type":"PropertyValueSpecification","valueRequired":true,"valueName":"search_term_string"}}],"inLanguage":"fr-FR"},{"@type":"Organization","@id":"https:\/\/arionfasoli.com\/fr\/#organization","name":"Arion Fasoli","url":"https:\/\/arionfasoli.com\/fr\/","logo":{"@type":"ImageObject","inLanguage":"fr-FR","@id":"https:\/\/arionfasoli.com\/fr\/#\/schema\/logo\/image\/","url":"https:\/\/arionfasoli.com\/wp-content\/uploads\/2022\/01\/Arion-Fasoli-Logo.png","contentUrl":"https:\/\/arionfasoli.com\/wp-content\/uploads\/2022\/01\/Arion-Fasoli-Logo.png","width":600,"height":120,"caption":"Arion Fasoli"},"image":{"@id":"https:\/\/arionfasoli.com\/fr\/#\/schema\/logo\/image\/"},"sameAs":["https:\/\/www.facebook.com\/arionfasolisrl\/","https:\/\/www.instagram.com\/arionfasoli\/","https:\/\/www.youtube.com\/c\/ArionFasoli","https:\/\/www.linkedin.com\/company\/arion-fasoli"]}]}},"_links":{"self":[{"href":"https:\/\/arionfasoli.com\/fr\/wp-json\/wp\/v2\/product\/1768","targetHints":{"allow":["GET"]}}],"collection":[{"href":"https:\/\/arionfasoli.com\/fr\/wp-json\/wp\/v2\/product"}],"about":[{"href":"https:\/\/arionfasoli.com\/fr\/wp-json\/wp\/v2\/types\/product"}],"wp:featuredmedia":[{"embeddable":true,"href":"https:\/\/arionfasoli.com\/fr\/wp-json\/wp\/v2\/media\/1274"}],"wp:attachment":[{"href":"https:\/\/arionfasoli.com\/fr\/wp-json\/wp\/v2\/media?parent=1768"}],"wp:term":[{"taxonomy":"product_brand","embeddable":true,"href":"https:\/\/arionfasoli.com\/fr\/wp-json\/wp\/v2\/product_brand?post=1768"},{"taxonomy":"product_cat","embeddable":true,"href":"https:\/\/arionfasoli.com\/fr\/wp-json\/wp\/v2\/product_cat?post=1768"},{"taxonomy":"product_tag","embeddable":true,"href":"https:\/\/arionfasoli.com\/fr\/wp-json\/wp\/v2\/product_tag?post=1768"}],"curies":[{"name":"wp","href":"https:\/\/api.w.org\/{rel}","templated":true}]}}