{"id":1771,"date":"2022-11-02T15:26:57","date_gmt":"2022-11-02T14:26:57","guid":{"rendered":"https:\/\/arionfasoli.com\/non class\u00e9\/mangeoire-en-plastique-pour-porcelets\/"},"modified":"2022-11-02T15:26:57","modified_gmt":"2022-11-02T14:26:57","slug":"mangeoire-pour-porcelets","status":"publish","type":"product","link":"https:\/\/arionfasoli.com\/fr\/materiel-elevage-porcs\/mangeoires-pour-porcs\/mangeoire-pour-porcelets\/","title":{"rendered":"Mangeoire en plastique pour porcelets"},"content":{"rendered":"","protected":false},"excerpt":{"rendered":"<p>Mangeoire en plastique pour porcelets id\u00e9ale pour \u00eatre utilis\u00e9e dans les cages de mise-bas. De forme ronde avec un diam\u00e8tre de 25 cm et \u00e9quip\u00e9e d&#8217;un verrouillage \u00e0 broche pour le posoir en PVC.<\/p>\n","protected":false},"featured_media":1264,"template":"","meta":[],"product_brand":[],"product_cat":[456],"product_tag":[],"class_list":{"0":"post-1771","1":"product","2":"type-product","3":"status-publish","4":"has-post-thumbnail","6":"product_cat-mangeoires-pour-porcs","7":"description-off","9":"first","10":"instock","11":"shipping-taxable","12":"product-type-simple"},"yoast_head":"<!-- This site is optimized with the Yoast SEO plugin v27.6 - https:\/\/yoast.com\/product\/yoast-seo-wordpress\/ -->\n<title>Mangeoire en plastique pour porcelets - Arion Fasoli<\/title>\n<meta name=\"robots\" content=\"index, follow, max-snippet:-1, max-image-preview:large, max-video-preview:-1\" \/>\n<link rel=\"canonical\" href=\"https:\/\/arionfasoli.com\/fr\/materiel-elevage-porcs\/mangeoires-pour-porcs\/mangeoire-pour-porcelets\/\" \/>\n<meta property=\"og:locale\" content=\"fr_FR\" \/>\n<meta property=\"og:type\" content=\"article\" \/>\n<meta property=\"og:title\" content=\"Mangeoire en plastique pour porcelets - Arion Fasoli\" \/>\n<meta property=\"og:description\" content=\"Mangeoire en plastique pour porcelets id\u00e9ale pour \u00eatre utilis\u00e9e dans les cages de mise-bas. De forme ronde avec un diam\u00e8tre de 25 cm et \u00e9quip\u00e9e d&#039;un verrouillage \u00e0 broche pour le posoir en PVC.\" \/>\n<meta property=\"og:url\" content=\"https:\/\/arionfasoli.com\/fr\/materiel-elevage-porcs\/mangeoires-pour-porcs\/mangeoire-pour-porcelets\/\" \/>\n<meta property=\"og:site_name\" content=\"Arion Fasoli\" \/>\n<meta property=\"article:publisher\" content=\"https:\/\/www.facebook.com\/arionfasolisrl\/\" \/>\n<meta property=\"og:image\" content=\"https:\/\/arionfasoli.com\/wp-content\/uploads\/2022\/11\/Mangiatoia-suinetti-in-plastica-gabbia-parto-5215P.jpg\" \/>\n\t<meta property=\"og:image:width\" content=\"700\" \/>\n\t<meta property=\"og:image:height\" content=\"700\" \/>\n\t<meta property=\"og:image:type\" content=\"image\/jpeg\" \/>\n<meta name=\"twitter:card\" content=\"summary_large_image\" \/>\n<script type=\"application\/ld+json\" class=\"yoast-schema-graph\">{\"@context\":\"https:\\\/\\\/schema.org\",\"@graph\":[{\"@type\":\"WebPage\",\"@id\":\"https:\\\/\\\/arionfasoli.com\\\/fr\\\/materiel-elevage-porcs\\\/mangeoires-pour-porcs\\\/mangeoire-pour-porcelets\\\/\",\"url\":\"https:\\\/\\\/arionfasoli.com\\\/fr\\\/materiel-elevage-porcs\\\/mangeoires-pour-porcs\\\/mangeoire-pour-porcelets\\\/\",\"name\":\"Mangeoire en plastique pour porcelets - Arion Fasoli\",\"isPartOf\":{\"@id\":\"https:\\\/\\\/arionfasoli.com\\\/fr\\\/#website\"},\"primaryImageOfPage\":{\"@id\":\"https:\\\/\\\/arionfasoli.com\\\/fr\\\/materiel-elevage-porcs\\\/mangeoires-pour-porcs\\\/mangeoire-pour-porcelets\\\/#primaryimage\"},\"image\":{\"@id\":\"https:\\\/\\\/arionfasoli.com\\\/fr\\\/materiel-elevage-porcs\\\/mangeoires-pour-porcs\\\/mangeoire-pour-porcelets\\\/#primaryimage\"},\"thumbnailUrl\":\"https:\\\/\\\/arionfasoli.com\\\/wp-content\\\/uploads\\\/2022\\\/11\\\/Mangiatoia-suinetti-in-plastica-gabbia-parto-5215P.jpg\",\"datePublished\":\"2022-11-02T14:26:57+00:00\",\"breadcrumb\":{\"@id\":\"https:\\\/\\\/arionfasoli.com\\\/fr\\\/materiel-elevage-porcs\\\/mangeoires-pour-porcs\\\/mangeoire-pour-porcelets\\\/#breadcrumb\"},\"inLanguage\":\"fr-FR\",\"potentialAction\":[{\"@type\":\"ReadAction\",\"target\":[\"https:\\\/\\\/arionfasoli.com\\\/fr\\\/materiel-elevage-porcs\\\/mangeoires-pour-porcs\\\/mangeoire-pour-porcelets\\\/\"]}]},{\"@type\":\"ImageObject\",\"inLanguage\":\"fr-FR\",\"@id\":\"https:\\\/\\\/arionfasoli.com\\\/fr\\\/materiel-elevage-porcs\\\/mangeoires-pour-porcs\\\/mangeoire-pour-porcelets\\\/#primaryimage\",\"url\":\"https:\\\/\\\/arionfasoli.com\\\/wp-content\\\/uploads\\\/2022\\\/11\\\/Mangiatoia-suinetti-in-plastica-gabbia-parto-5215P.jpg\",\"contentUrl\":\"https:\\\/\\\/arionfasoli.com\\\/wp-content\\\/uploads\\\/2022\\\/11\\\/Mangiatoia-suinetti-in-plastica-gabbia-parto-5215P.jpg\",\"width\":700,\"height\":700},{\"@type\":\"BreadcrumbList\",\"@id\":\"https:\\\/\\\/arionfasoli.com\\\/fr\\\/materiel-elevage-porcs\\\/mangeoires-pour-porcs\\\/mangeoire-pour-porcelets\\\/#breadcrumb\",\"itemListElement\":[{\"@type\":\"ListItem\",\"position\":1,\"name\":\"Home\",\"item\":\"https:\\\/\\\/arionfasoli.com\\\/fr\\\/\"},{\"@type\":\"ListItem\",\"position\":2,\"name\":\"Catalogue\",\"item\":\"https:\\\/\\\/arionfasoli.com\\\/fr\\\/catalogue\\\/\"},{\"@type\":\"ListItem\",\"position\":3,\"name\":\"Mangeoire en plastique pour porcelets\"}]},{\"@type\":\"WebSite\",\"@id\":\"https:\\\/\\\/arionfasoli.com\\\/fr\\\/#website\",\"url\":\"https:\\\/\\\/arionfasoli.com\\\/fr\\\/\",\"name\":\"Arion Fasoli\",\"description\":\"\",\"publisher\":{\"@id\":\"https:\\\/\\\/arionfasoli.com\\\/fr\\\/#organization\"},\"potentialAction\":[{\"@type\":\"SearchAction\",\"target\":{\"@type\":\"EntryPoint\",\"urlTemplate\":\"https:\\\/\\\/arionfasoli.com\\\/fr\\\/?s={search_term_string}\"},\"query-input\":{\"@type\":\"PropertyValueSpecification\",\"valueRequired\":true,\"valueName\":\"search_term_string\"}}],\"inLanguage\":\"fr-FR\"},{\"@type\":\"Organization\",\"@id\":\"https:\\\/\\\/arionfasoli.com\\\/fr\\\/#organization\",\"name\":\"Arion Fasoli\",\"url\":\"https:\\\/\\\/arionfasoli.com\\\/fr\\\/\",\"logo\":{\"@type\":\"ImageObject\",\"inLanguage\":\"fr-FR\",\"@id\":\"https:\\\/\\\/arionfasoli.com\\\/fr\\\/#\\\/schema\\\/logo\\\/image\\\/\",\"url\":\"https:\\\/\\\/arionfasoli.com\\\/wp-content\\\/uploads\\\/2022\\\/01\\\/Arion-Fasoli-Logo.png\",\"contentUrl\":\"https:\\\/\\\/arionfasoli.com\\\/wp-content\\\/uploads\\\/2022\\\/01\\\/Arion-Fasoli-Logo.png\",\"width\":600,\"height\":120,\"caption\":\"Arion Fasoli\"},\"image\":{\"@id\":\"https:\\\/\\\/arionfasoli.com\\\/fr\\\/#\\\/schema\\\/logo\\\/image\\\/\"},\"sameAs\":[\"https:\\\/\\\/www.facebook.com\\\/arionfasolisrl\\\/\",\"https:\\\/\\\/www.instagram.com\\\/arionfasoli\\\/\",\"https:\\\/\\\/www.youtube.com\\\/c\\\/ArionFasoli\",\"https:\\\/\\\/www.linkedin.com\\\/company\\\/arion-fasoli\"]}]}<\/script>\n<!-- \/ Yoast SEO plugin. -->","yoast_head_json":{"title":"Mangeoire en plastique pour porcelets - Arion Fasoli","robots":{"index":"index","follow":"follow","max-snippet":"max-snippet:-1","max-image-preview":"max-image-preview:large","max-video-preview":"max-video-preview:-1"},"canonical":"https:\/\/arionfasoli.com\/fr\/materiel-elevage-porcs\/mangeoires-pour-porcs\/mangeoire-pour-porcelets\/","og_locale":"fr_FR","og_type":"article","og_title":"Mangeoire en plastique pour porcelets - Arion Fasoli","og_description":"Mangeoire en plastique pour porcelets id\u00e9ale pour \u00eatre utilis\u00e9e dans les cages de mise-bas. De forme ronde avec un diam\u00e8tre de 25 cm et \u00e9quip\u00e9e d'un verrouillage \u00e0 broche pour le posoir en PVC.","og_url":"https:\/\/arionfasoli.com\/fr\/materiel-elevage-porcs\/mangeoires-pour-porcs\/mangeoire-pour-porcelets\/","og_site_name":"Arion Fasoli","article_publisher":"https:\/\/www.facebook.com\/arionfasolisrl\/","og_image":[{"width":700,"height":700,"url":"https:\/\/arionfasoli.com\/wp-content\/uploads\/2022\/11\/Mangiatoia-suinetti-in-plastica-gabbia-parto-5215P.jpg","type":"image\/jpeg"}],"twitter_card":"summary_large_image","schema":{"@context":"https:\/\/schema.org","@graph":[{"@type":"WebPage","@id":"https:\/\/arionfasoli.com\/fr\/materiel-elevage-porcs\/mangeoires-pour-porcs\/mangeoire-pour-porcelets\/","url":"https:\/\/arionfasoli.com\/fr\/materiel-elevage-porcs\/mangeoires-pour-porcs\/mangeoire-pour-porcelets\/","name":"Mangeoire en plastique pour porcelets - Arion Fasoli","isPartOf":{"@id":"https:\/\/arionfasoli.com\/fr\/#website"},"primaryImageOfPage":{"@id":"https:\/\/arionfasoli.com\/fr\/materiel-elevage-porcs\/mangeoires-pour-porcs\/mangeoire-pour-porcelets\/#primaryimage"},"image":{"@id":"https:\/\/arionfasoli.com\/fr\/materiel-elevage-porcs\/mangeoires-pour-porcs\/mangeoire-pour-porcelets\/#primaryimage"},"thumbnailUrl":"https:\/\/arionfasoli.com\/wp-content\/uploads\/2022\/11\/Mangiatoia-suinetti-in-plastica-gabbia-parto-5215P.jpg","datePublished":"2022-11-02T14:26:57+00:00","breadcrumb":{"@id":"https:\/\/arionfasoli.com\/fr\/materiel-elevage-porcs\/mangeoires-pour-porcs\/mangeoire-pour-porcelets\/#breadcrumb"},"inLanguage":"fr-FR","potentialAction":[{"@type":"ReadAction","target":["https:\/\/arionfasoli.com\/fr\/materiel-elevage-porcs\/mangeoires-pour-porcs\/mangeoire-pour-porcelets\/"]}]},{"@type":"ImageObject","inLanguage":"fr-FR","@id":"https:\/\/arionfasoli.com\/fr\/materiel-elevage-porcs\/mangeoires-pour-porcs\/mangeoire-pour-porcelets\/#primaryimage","url":"https:\/\/arionfasoli.com\/wp-content\/uploads\/2022\/11\/Mangiatoia-suinetti-in-plastica-gabbia-parto-5215P.jpg","contentUrl":"https:\/\/arionfasoli.com\/wp-content\/uploads\/2022\/11\/Mangiatoia-suinetti-in-plastica-gabbia-parto-5215P.jpg","width":700,"height":700},{"@type":"BreadcrumbList","@id":"https:\/\/arionfasoli.com\/fr\/materiel-elevage-porcs\/mangeoires-pour-porcs\/mangeoire-pour-porcelets\/#breadcrumb","itemListElement":[{"@type":"ListItem","position":1,"name":"Home","item":"https:\/\/arionfasoli.com\/fr\/"},{"@type":"ListItem","position":2,"name":"Catalogue","item":"https:\/\/arionfasoli.com\/fr\/catalogue\/"},{"@type":"ListItem","position":3,"name":"Mangeoire en plastique pour porcelets"}]},{"@type":"WebSite","@id":"https:\/\/arionfasoli.com\/fr\/#website","url":"https:\/\/arionfasoli.com\/fr\/","name":"Arion Fasoli","description":"","publisher":{"@id":"https:\/\/arionfasoli.com\/fr\/#organization"},"potentialAction":[{"@type":"SearchAction","target":{"@type":"EntryPoint","urlTemplate":"https:\/\/arionfasoli.com\/fr\/?s={search_term_string}"},"query-input":{"@type":"PropertyValueSpecification","valueRequired":true,"valueName":"search_term_string"}}],"inLanguage":"fr-FR"},{"@type":"Organization","@id":"https:\/\/arionfasoli.com\/fr\/#organization","name":"Arion Fasoli","url":"https:\/\/arionfasoli.com\/fr\/","logo":{"@type":"ImageObject","inLanguage":"fr-FR","@id":"https:\/\/arionfasoli.com\/fr\/#\/schema\/logo\/image\/","url":"https:\/\/arionfasoli.com\/wp-content\/uploads\/2022\/01\/Arion-Fasoli-Logo.png","contentUrl":"https:\/\/arionfasoli.com\/wp-content\/uploads\/2022\/01\/Arion-Fasoli-Logo.png","width":600,"height":120,"caption":"Arion Fasoli"},"image":{"@id":"https:\/\/arionfasoli.com\/fr\/#\/schema\/logo\/image\/"},"sameAs":["https:\/\/www.facebook.com\/arionfasolisrl\/","https:\/\/www.instagram.com\/arionfasoli\/","https:\/\/www.youtube.com\/c\/ArionFasoli","https:\/\/www.linkedin.com\/company\/arion-fasoli"]}]}},"_links":{"self":[{"href":"https:\/\/arionfasoli.com\/fr\/wp-json\/wp\/v2\/product\/1771","targetHints":{"allow":["GET"]}}],"collection":[{"href":"https:\/\/arionfasoli.com\/fr\/wp-json\/wp\/v2\/product"}],"about":[{"href":"https:\/\/arionfasoli.com\/fr\/wp-json\/wp\/v2\/types\/product"}],"wp:featuredmedia":[{"embeddable":true,"href":"https:\/\/arionfasoli.com\/fr\/wp-json\/wp\/v2\/media\/1264"}],"wp:attachment":[{"href":"https:\/\/arionfasoli.com\/fr\/wp-json\/wp\/v2\/media?parent=1771"}],"wp:term":[{"taxonomy":"product_brand","embeddable":true,"href":"https:\/\/arionfasoli.com\/fr\/wp-json\/wp\/v2\/product_brand?post=1771"},{"taxonomy":"product_cat","embeddable":true,"href":"https:\/\/arionfasoli.com\/fr\/wp-json\/wp\/v2\/product_cat?post=1771"},{"taxonomy":"product_tag","embeddable":true,"href":"https:\/\/arionfasoli.com\/fr\/wp-json\/wp\/v2\/product_tag?post=1771"}],"curies":[{"name":"wp","href":"https:\/\/api.w.org\/{rel}","templated":true}]}}