{"id":2223,"date":"2024-12-11T16:53:24","date_gmt":"2024-12-11T15:53:24","guid":{"rendered":"https:\/\/arionfasoli.com\/?post_type=product&#038;p=2223"},"modified":"2024-12-11T17:38:24","modified_gmt":"2024-12-11T16:38:24","slug":"mangeoire-a-tremie-en-tole-galvanisee-de-5-kg-copia","status":"publish","type":"product","link":"https:\/\/arionfasoli.com\/fr\/materiel-avicole\/mangeoires\/mangeoires-a-tremie\/mangeoire-a-tremie-en-tole-galvanisee-de-5-kg-copia\/","title":{"rendered":"Mangeoire \u00e0 tr\u00e9mie en t\u00f4le galvanis\u00e9e de 40 kg."},"content":{"rendered":"","protected":false},"excerpt":{"rendered":"<p><strong>Mangeoire \u00e0 tr\u00e9mie de 40 kg avec couvercle et tige centrale.<\/strong><\/p>\n<p>Mangeoire \u00e0 tr\u00e9mie en t\u00f4le galvanis\u00e9e adapt\u00e9e pour nourrir les volailles adultes. Elle est soutenue par une tige verticale et deux traverses en m\u00e9tal. La tige est \u00e9quip\u00e9e de <strong>trois trous pour r\u00e9gler la quantit\u00e9 de nourriture<\/strong> dans le plateau. Le r\u00e9glage se fait gr\u00e2ce \u00e0 une goupille qui fixe le cylindre \u00e0 la hauteur souhait\u00e9e. Dans la partie sup\u00e9rieure de la tige, il y a un trou pour suspendre la mangeoire.<br \/>\n<strong>Compl\u00e8te avec un couvercle<\/strong> qui prot\u00e8ge la nourriture de la salet\u00e9.<\/p>\n","protected":false},"featured_media":2226,"template":"","meta":[],"product_brand":[],"product_cat":[439],"product_tag":[],"class_list":{"0":"post-2223","1":"product","2":"type-product","3":"status-publish","4":"has-post-thumbnail","6":"product_cat-mangeoires-a-tremie","7":"description-off","9":"first","10":"instock","11":"shipping-taxable","12":"product-type-simple"},"yoast_head":"<!-- This site is optimized with the Yoast SEO plugin v27.2 - https:\/\/yoast.com\/product\/yoast-seo-wordpress\/ -->\n<title>Mangeoire \u00e0 tr\u00e9mie en t\u00f4le galvanis\u00e9e de 40 kg. - Arion Fasoli<\/title>\n<meta name=\"robots\" content=\"index, follow, max-snippet:-1, max-image-preview:large, max-video-preview:-1\" \/>\n<link rel=\"canonical\" href=\"https:\/\/arionfasoli.com\/fr\/materiel-avicole\/mangeoires\/mangeoires-a-tremie\/mangeoire-a-tremie-en-tole-galvanisee-de-5-kg-copia\/\" \/>\n<meta property=\"og:locale\" content=\"fr_FR\" \/>\n<meta property=\"og:type\" content=\"article\" \/>\n<meta property=\"og:title\" content=\"Mangeoire \u00e0 tr\u00e9mie en t\u00f4le galvanis\u00e9e de 40 kg. - Arion Fasoli\" \/>\n<meta property=\"og:description\" content=\"Mangeoire \u00e0 tr\u00e9mie de 40 kg avec couvercle et tige centrale.  Mangeoire \u00e0 tr\u00e9mie en t\u00f4le galvanis\u00e9e adapt\u00e9e pour nourrir les volailles adultes. Elle est soutenue par une tige verticale et deux traverses en m\u00e9tal. La tige est \u00e9quip\u00e9e de trois trous pour r\u00e9gler la quantit\u00e9 de nourriture dans le plateau. Le r\u00e9glage se fait gr\u00e2ce \u00e0 une goupille qui fixe le cylindre \u00e0 la hauteur souhait\u00e9e. Dans la partie sup\u00e9rieure de la tige, il y a un trou pour suspendre la mangeoire. Compl\u00e8te avec un couvercle qui prot\u00e8ge la nourriture de la salet\u00e9.\" \/>\n<meta property=\"og:url\" content=\"https:\/\/arionfasoli.com\/fr\/materiel-avicole\/mangeoires\/mangeoires-a-tremie\/mangeoire-a-tremie-en-tole-galvanisee-de-5-kg-copia\/\" \/>\n<meta property=\"og:site_name\" content=\"Arion Fasoli\" \/>\n<meta property=\"article:publisher\" content=\"https:\/\/www.facebook.com\/arionfasolisrl\/\" \/>\n<meta property=\"article:modified_time\" content=\"2024-12-11T16:38:24+00:00\" \/>\n<meta property=\"og:image\" content=\"https:\/\/arionfasoli.com\/wp-content\/uploads\/2024\/12\/Mangiatoia-a-tramoggia-in-lamiera-zinacata-40-kg.jpg\" \/>\n\t<meta property=\"og:image:width\" content=\"1080\" \/>\n\t<meta property=\"og:image:height\" content=\"1080\" \/>\n\t<meta property=\"og:image:type\" content=\"image\/jpeg\" \/>\n<meta name=\"twitter:card\" content=\"summary_large_image\" \/>\n<meta name=\"twitter:label1\" content=\"Dur\u00e9e de lecture estim\u00e9e\" \/>\n\t<meta name=\"twitter:data1\" content=\"1 minute\" \/>\n<script type=\"application\/ld+json\" class=\"yoast-schema-graph\">{\"@context\":\"https:\/\/schema.org\",\"@graph\":[{\"@type\":\"WebPage\",\"@id\":\"https:\/\/arionfasoli.com\/fr\/materiel-avicole\/mangeoires\/mangeoires-a-tremie\/mangeoire-a-tremie-en-tole-galvanisee-de-5-kg-copia\/\",\"url\":\"https:\/\/arionfasoli.com\/fr\/materiel-avicole\/mangeoires\/mangeoires-a-tremie\/mangeoire-a-tremie-en-tole-galvanisee-de-5-kg-copia\/\",\"name\":\"Mangeoire \u00e0 tr\u00e9mie en t\u00f4le galvanis\u00e9e de 40 kg. - Arion Fasoli\",\"isPartOf\":{\"@id\":\"https:\/\/arionfasoli.com\/fr\/#website\"},\"primaryImageOfPage\":{\"@id\":\"https:\/\/arionfasoli.com\/fr\/materiel-avicole\/mangeoires\/mangeoires-a-tremie\/mangeoire-a-tremie-en-tole-galvanisee-de-5-kg-copia\/#primaryimage\"},\"image\":{\"@id\":\"https:\/\/arionfasoli.com\/fr\/materiel-avicole\/mangeoires\/mangeoires-a-tremie\/mangeoire-a-tremie-en-tole-galvanisee-de-5-kg-copia\/#primaryimage\"},\"thumbnailUrl\":\"https:\/\/arionfasoli.com\/wp-content\/uploads\/2024\/12\/Mangiatoia-a-tramoggia-in-lamiera-zinacata-40-kg.jpg\",\"datePublished\":\"2024-12-11T15:53:24+00:00\",\"dateModified\":\"2024-12-11T16:38:24+00:00\",\"breadcrumb\":{\"@id\":\"https:\/\/arionfasoli.com\/fr\/materiel-avicole\/mangeoires\/mangeoires-a-tremie\/mangeoire-a-tremie-en-tole-galvanisee-de-5-kg-copia\/#breadcrumb\"},\"inLanguage\":\"fr-FR\",\"potentialAction\":[{\"@type\":\"ReadAction\",\"target\":[\"https:\/\/arionfasoli.com\/fr\/materiel-avicole\/mangeoires\/mangeoires-a-tremie\/mangeoire-a-tremie-en-tole-galvanisee-de-5-kg-copia\/\"]}]},{\"@type\":\"ImageObject\",\"inLanguage\":\"fr-FR\",\"@id\":\"https:\/\/arionfasoli.com\/fr\/materiel-avicole\/mangeoires\/mangeoires-a-tremie\/mangeoire-a-tremie-en-tole-galvanisee-de-5-kg-copia\/#primaryimage\",\"url\":\"https:\/\/arionfasoli.com\/wp-content\/uploads\/2024\/12\/Mangiatoia-a-tramoggia-in-lamiera-zinacata-40-kg.jpg\",\"contentUrl\":\"https:\/\/arionfasoli.com\/wp-content\/uploads\/2024\/12\/Mangiatoia-a-tramoggia-in-lamiera-zinacata-40-kg.jpg\",\"width\":1080,\"height\":1080,\"caption\":\"Mangiatoia a tramoggia in lamiera zincata 40 Kg\"},{\"@type\":\"BreadcrumbList\",\"@id\":\"https:\/\/arionfasoli.com\/fr\/materiel-avicole\/mangeoires\/mangeoires-a-tremie\/mangeoire-a-tremie-en-tole-galvanisee-de-5-kg-copia\/#breadcrumb\",\"itemListElement\":[{\"@type\":\"ListItem\",\"position\":1,\"name\":\"Home\",\"item\":\"https:\/\/arionfasoli.com\/fr\/\"},{\"@type\":\"ListItem\",\"position\":2,\"name\":\"Catalogue\",\"item\":\"https:\/\/arionfasoli.com\/fr\/catalogue\/\"},{\"@type\":\"ListItem\",\"position\":3,\"name\":\"Mangeoire \u00e0 tr\u00e9mie en t\u00f4le galvanis\u00e9e de 40 kg.\"}]},{\"@type\":\"WebSite\",\"@id\":\"https:\/\/arionfasoli.com\/fr\/#website\",\"url\":\"https:\/\/arionfasoli.com\/fr\/\",\"name\":\"Arion Fasoli\",\"description\":\"\",\"publisher\":{\"@id\":\"https:\/\/arionfasoli.com\/fr\/#organization\"},\"potentialAction\":[{\"@type\":\"SearchAction\",\"target\":{\"@type\":\"EntryPoint\",\"urlTemplate\":\"https:\/\/arionfasoli.com\/fr\/?s={search_term_string}\"},\"query-input\":{\"@type\":\"PropertyValueSpecification\",\"valueRequired\":true,\"valueName\":\"search_term_string\"}}],\"inLanguage\":\"fr-FR\"},{\"@type\":\"Organization\",\"@id\":\"https:\/\/arionfasoli.com\/fr\/#organization\",\"name\":\"Arion Fasoli\",\"url\":\"https:\/\/arionfasoli.com\/fr\/\",\"logo\":{\"@type\":\"ImageObject\",\"inLanguage\":\"fr-FR\",\"@id\":\"https:\/\/arionfasoli.com\/fr\/#\/schema\/logo\/image\/\",\"url\":\"https:\/\/arionfasoli.com\/wp-content\/uploads\/2022\/01\/Arion-Fasoli-Logo.png\",\"contentUrl\":\"https:\/\/arionfasoli.com\/wp-content\/uploads\/2022\/01\/Arion-Fasoli-Logo.png\",\"width\":600,\"height\":120,\"caption\":\"Arion Fasoli\"},\"image\":{\"@id\":\"https:\/\/arionfasoli.com\/fr\/#\/schema\/logo\/image\/\"},\"sameAs\":[\"https:\/\/www.facebook.com\/arionfasolisrl\/\",\"https:\/\/www.instagram.com\/arionfasoli\/\",\"https:\/\/www.youtube.com\/c\/ArionFasoli\",\"https:\/\/www.linkedin.com\/company\/arion-fasoli\"]}]}<\/script>\n<!-- \/ Yoast SEO plugin. -->","yoast_head_json":{"title":"Mangeoire \u00e0 tr\u00e9mie en t\u00f4le galvanis\u00e9e de 40 kg. - Arion Fasoli","robots":{"index":"index","follow":"follow","max-snippet":"max-snippet:-1","max-image-preview":"max-image-preview:large","max-video-preview":"max-video-preview:-1"},"canonical":"https:\/\/arionfasoli.com\/fr\/materiel-avicole\/mangeoires\/mangeoires-a-tremie\/mangeoire-a-tremie-en-tole-galvanisee-de-5-kg-copia\/","og_locale":"fr_FR","og_type":"article","og_title":"Mangeoire \u00e0 tr\u00e9mie en t\u00f4le galvanis\u00e9e de 40 kg. - Arion Fasoli","og_description":"Mangeoire \u00e0 tr\u00e9mie de 40 kg avec couvercle et tige centrale.  Mangeoire \u00e0 tr\u00e9mie en t\u00f4le galvanis\u00e9e adapt\u00e9e pour nourrir les volailles adultes. Elle est soutenue par une tige verticale et deux traverses en m\u00e9tal. La tige est \u00e9quip\u00e9e de trois trous pour r\u00e9gler la quantit\u00e9 de nourriture dans le plateau. Le r\u00e9glage se fait gr\u00e2ce \u00e0 une goupille qui fixe le cylindre \u00e0 la hauteur souhait\u00e9e. Dans la partie sup\u00e9rieure de la tige, il y a un trou pour suspendre la mangeoire. Compl\u00e8te avec un couvercle qui prot\u00e8ge la nourriture de la salet\u00e9.","og_url":"https:\/\/arionfasoli.com\/fr\/materiel-avicole\/mangeoires\/mangeoires-a-tremie\/mangeoire-a-tremie-en-tole-galvanisee-de-5-kg-copia\/","og_site_name":"Arion Fasoli","article_publisher":"https:\/\/www.facebook.com\/arionfasolisrl\/","article_modified_time":"2024-12-11T16:38:24+00:00","og_image":[{"width":1080,"height":1080,"url":"https:\/\/arionfasoli.com\/wp-content\/uploads\/2024\/12\/Mangiatoia-a-tramoggia-in-lamiera-zinacata-40-kg.jpg","type":"image\/jpeg"}],"twitter_card":"summary_large_image","twitter_misc":{"Dur\u00e9e de lecture estim\u00e9e":"1 minute"},"schema":{"@context":"https:\/\/schema.org","@graph":[{"@type":"WebPage","@id":"https:\/\/arionfasoli.com\/fr\/materiel-avicole\/mangeoires\/mangeoires-a-tremie\/mangeoire-a-tremie-en-tole-galvanisee-de-5-kg-copia\/","url":"https:\/\/arionfasoli.com\/fr\/materiel-avicole\/mangeoires\/mangeoires-a-tremie\/mangeoire-a-tremie-en-tole-galvanisee-de-5-kg-copia\/","name":"Mangeoire \u00e0 tr\u00e9mie en t\u00f4le galvanis\u00e9e de 40 kg. - Arion Fasoli","isPartOf":{"@id":"https:\/\/arionfasoli.com\/fr\/#website"},"primaryImageOfPage":{"@id":"https:\/\/arionfasoli.com\/fr\/materiel-avicole\/mangeoires\/mangeoires-a-tremie\/mangeoire-a-tremie-en-tole-galvanisee-de-5-kg-copia\/#primaryimage"},"image":{"@id":"https:\/\/arionfasoli.com\/fr\/materiel-avicole\/mangeoires\/mangeoires-a-tremie\/mangeoire-a-tremie-en-tole-galvanisee-de-5-kg-copia\/#primaryimage"},"thumbnailUrl":"https:\/\/arionfasoli.com\/wp-content\/uploads\/2024\/12\/Mangiatoia-a-tramoggia-in-lamiera-zinacata-40-kg.jpg","datePublished":"2024-12-11T15:53:24+00:00","dateModified":"2024-12-11T16:38:24+00:00","breadcrumb":{"@id":"https:\/\/arionfasoli.com\/fr\/materiel-avicole\/mangeoires\/mangeoires-a-tremie\/mangeoire-a-tremie-en-tole-galvanisee-de-5-kg-copia\/#breadcrumb"},"inLanguage":"fr-FR","potentialAction":[{"@type":"ReadAction","target":["https:\/\/arionfasoli.com\/fr\/materiel-avicole\/mangeoires\/mangeoires-a-tremie\/mangeoire-a-tremie-en-tole-galvanisee-de-5-kg-copia\/"]}]},{"@type":"ImageObject","inLanguage":"fr-FR","@id":"https:\/\/arionfasoli.com\/fr\/materiel-avicole\/mangeoires\/mangeoires-a-tremie\/mangeoire-a-tremie-en-tole-galvanisee-de-5-kg-copia\/#primaryimage","url":"https:\/\/arionfasoli.com\/wp-content\/uploads\/2024\/12\/Mangiatoia-a-tramoggia-in-lamiera-zinacata-40-kg.jpg","contentUrl":"https:\/\/arionfasoli.com\/wp-content\/uploads\/2024\/12\/Mangiatoia-a-tramoggia-in-lamiera-zinacata-40-kg.jpg","width":1080,"height":1080,"caption":"Mangiatoia a tramoggia in lamiera zincata 40 Kg"},{"@type":"BreadcrumbList","@id":"https:\/\/arionfasoli.com\/fr\/materiel-avicole\/mangeoires\/mangeoires-a-tremie\/mangeoire-a-tremie-en-tole-galvanisee-de-5-kg-copia\/#breadcrumb","itemListElement":[{"@type":"ListItem","position":1,"name":"Home","item":"https:\/\/arionfasoli.com\/fr\/"},{"@type":"ListItem","position":2,"name":"Catalogue","item":"https:\/\/arionfasoli.com\/fr\/catalogue\/"},{"@type":"ListItem","position":3,"name":"Mangeoire \u00e0 tr\u00e9mie en t\u00f4le galvanis\u00e9e de 40 kg."}]},{"@type":"WebSite","@id":"https:\/\/arionfasoli.com\/fr\/#website","url":"https:\/\/arionfasoli.com\/fr\/","name":"Arion Fasoli","description":"","publisher":{"@id":"https:\/\/arionfasoli.com\/fr\/#organization"},"potentialAction":[{"@type":"SearchAction","target":{"@type":"EntryPoint","urlTemplate":"https:\/\/arionfasoli.com\/fr\/?s={search_term_string}"},"query-input":{"@type":"PropertyValueSpecification","valueRequired":true,"valueName":"search_term_string"}}],"inLanguage":"fr-FR"},{"@type":"Organization","@id":"https:\/\/arionfasoli.com\/fr\/#organization","name":"Arion Fasoli","url":"https:\/\/arionfasoli.com\/fr\/","logo":{"@type":"ImageObject","inLanguage":"fr-FR","@id":"https:\/\/arionfasoli.com\/fr\/#\/schema\/logo\/image\/","url":"https:\/\/arionfasoli.com\/wp-content\/uploads\/2022\/01\/Arion-Fasoli-Logo.png","contentUrl":"https:\/\/arionfasoli.com\/wp-content\/uploads\/2022\/01\/Arion-Fasoli-Logo.png","width":600,"height":120,"caption":"Arion Fasoli"},"image":{"@id":"https:\/\/arionfasoli.com\/fr\/#\/schema\/logo\/image\/"},"sameAs":["https:\/\/www.facebook.com\/arionfasolisrl\/","https:\/\/www.instagram.com\/arionfasoli\/","https:\/\/www.youtube.com\/c\/ArionFasoli","https:\/\/www.linkedin.com\/company\/arion-fasoli"]}]}},"_links":{"self":[{"href":"https:\/\/arionfasoli.com\/fr\/wp-json\/wp\/v2\/product\/2223","targetHints":{"allow":["GET"]}}],"collection":[{"href":"https:\/\/arionfasoli.com\/fr\/wp-json\/wp\/v2\/product"}],"about":[{"href":"https:\/\/arionfasoli.com\/fr\/wp-json\/wp\/v2\/types\/product"}],"wp:featuredmedia":[{"embeddable":true,"href":"https:\/\/arionfasoli.com\/fr\/wp-json\/wp\/v2\/media\/2226"}],"wp:attachment":[{"href":"https:\/\/arionfasoli.com\/fr\/wp-json\/wp\/v2\/media?parent=2223"}],"wp:term":[{"taxonomy":"product_brand","embeddable":true,"href":"https:\/\/arionfasoli.com\/fr\/wp-json\/wp\/v2\/product_brand?post=2223"},{"taxonomy":"product_cat","embeddable":true,"href":"https:\/\/arionfasoli.com\/fr\/wp-json\/wp\/v2\/product_cat?post=2223"},{"taxonomy":"product_tag","embeddable":true,"href":"https:\/\/arionfasoli.com\/fr\/wp-json\/wp\/v2\/product_tag?post=2223"}],"curies":[{"name":"wp","href":"https:\/\/api.w.org\/{rel}","templated":true}]}}